{"id":294,"date":"2019-09-26T18:04:03","date_gmt":"2019-09-26T18:04:03","guid":{"rendered":"http:\/\/www.bjf.rs\/?page_id=294"},"modified":"2021-10-21T12:56:20","modified_gmt":"2021-10-21T12:56:20","slug":"ulaznice","status":"publish","type":"page","link":"https:\/\/2021.bjf.rs\/sr\/ulaznice\/","title":{"rendered":"Ulaznice"},"content":{"rendered":"<h2 class=\"wp-block-heading\"><strong>Ograni\u010den broj vau\u010dera za komplete ulaznica (komplet obuhvata sve koncerte u glavnom programu festivala \u2013 13 koncerata) 37. Beogradskog d\u017eez festivala, kao i pojedina\u010dne ulaznice se mogu nabaviti na Ticket Vision blagajni u Domu omladine Beograda, kao i&nbsp;<a href=\"https:\/\/www.tickets.rs\/search?q=bjf2021\" style=\"color:red\" target=\"_blank\" rel=\"noreferrer noopener\">putem onlajn kupovine<\/a>.<\/strong><\/h2>\n\n\n\n<p><strong>Organizator zadr\u017eava pravo na promenu satnice u skladu sa epidemiolo\u0161kim merama koje budu aktuelne u periodu odr\u017eavanja festivala.<\/strong>&nbsp;<strong>Molimo publiku da na dan koncerta proveri ta\u010dnu satnicu na sajtu&nbsp;<a href=\"http:\/\/www.bjf.rs\/\" target=\"_blank\" rel=\"noreferrer noopener\">www.bjf.rs<\/a>&nbsp;i&nbsp;<a href=\"http:\/\/www.domomladine.org\/\" target=\"_blank\" rel=\"noreferrer noopener\">www.domomladine.org<\/a><\/strong><\/p>","protected":false},"excerpt":{"rendered":"<p>Ograni\u010den broj vau\u010dera za komplete ulaznica (komplet obuhvata sve koncerte u glavnom programu festivala \u2013 13 koncerata) 37. Beogradskog d\u017eez festivala, kao i pojedina\u010dne ulaznice se mogu nabaviti na Ticket Vision blagajni u Domu omladine Beograda, kao i&nbsp;putem onlajn kupovine. Organizator zadr\u017eava pravo na promenu satnice u skladu sa epidemiolo\u0161kim merama koje budu aktuelne u [&hellip;]<\/p>\n","protected":false},"author":2,"featured_media":248,"parent":0,"menu_order":0,"comment_status":"closed","ping_status":"closed","template":"","meta":[],"yoast_head":"<!-- This site is optimized with the Yoast SEO plugin v20.6 - https:\/\/yoast.com\/wordpress\/plugins\/seo\/ -->\n<title>Ulaznice - 37. Beogradski Jazz Festival 2021<\/title>\n<meta name=\"robots\" content=\"index, follow, max-snippet:-1, max-image-preview:large, max-video-preview:-1\" \/>\n<link rel=\"canonical\" href=\"https:\/\/2021.bjf.rs\/tickets\/\" \/>\n<meta property=\"og:locale\" content=\"sr_RS\" \/>\n<meta property=\"og:type\" content=\"article\" \/>\n<meta property=\"og:title\" content=\"Ulaznice - 37. Beogradski Jazz Festival 2021\" \/>\n<meta property=\"og:description\" content=\"Ograni\u010den broj vau\u010dera za komplete ulaznica (komplet obuhvata sve koncerte u glavnom programu festivala \u2013 13 koncerata) 37. Beogradskog d\u017eez festivala, kao i pojedina\u010dne ulaznice se mogu nabaviti na Ticket Vision blagajni u Domu omladine Beograda, kao i&nbsp;putem onlajn kupovine. Organizator zadr\u017eava pravo na promenu satnice u skladu sa epidemiolo\u0161kim merama koje budu aktuelne u [&hellip;]\" \/>\n<meta property=\"og:url\" content=\"https:\/\/2021.bjf.rs\/tickets\/\" \/>\n<meta property=\"og:site_name\" content=\"37. Beogradski Jazz Festival 2021\" \/>\n<meta property=\"article:publisher\" content=\"https:\/\/www.facebook.com\/BelgradeJazzFest\" \/>\n<meta property=\"article:modified_time\" content=\"2021-10-21T12:56:20+00:00\" \/>\n<meta property=\"og:image\" content=\"https:\/\/2021.bjf.rs\/wp-content\/uploads\/2020\/12\/bjf-desktop-new.jpg\" \/>\n\t<meta property=\"og:image:width\" content=\"1980\" \/>\n\t<meta property=\"og:image:height\" content=\"740\" \/>\n\t<meta property=\"og:image:type\" content=\"image\/jpeg\" \/>\n<meta name=\"twitter:card\" content=\"summary_large_image\" \/>\n<meta name=\"twitter:site\" content=\"@BGJazzFest\" \/>\n<meta name=\"twitter:label1\" content=\"\u041f\u0440\u043e\u0446\u0435\u045a\u0435\u043d\u043e \u0432\u0440\u0435\u043c\u0435 \u0447\u0438\u0442\u0430\u045a\u0430\" \/>\n\t<meta name=\"twitter:data1\" content=\"1 \u043c\u0438\u043d\u0443\u0442\" \/>\n<script type=\"application\/ld+json\" class=\"yoast-schema-graph\">{\"@context\":\"https:\/\/schema.org\",\"@graph\":[{\"@type\":\"WebPage\",\"@id\":\"https:\/\/2021.bjf.rs\/tickets\/\",\"url\":\"https:\/\/2021.bjf.rs\/tickets\/\",\"name\":\"[:sr]Ulaznice[:en]Tickets[:] - 37. Beogradski Jazz Festival 2021\",\"isPartOf\":{\"@id\":\"https:\/\/2021.bjf.rs\/#website\"},\"datePublished\":\"2019-09-26T18:04:03+00:00\",\"dateModified\":\"2021-10-21T12:56:20+00:00\",\"breadcrumb\":{\"@id\":\"https:\/\/2021.bjf.rs\/tickets\/#breadcrumb\"},\"inLanguage\":\"sr-RS\",\"potentialAction\":[{\"@type\":\"ReadAction\",\"target\":[\"https:\/\/2021.bjf.rs\/tickets\/\"]}]},{\"@type\":\"BreadcrumbList\",\"@id\":\"https:\/\/2021.bjf.rs\/tickets\/#breadcrumb\",\"itemListElement\":[{\"@type\":\"ListItem\",\"position\":1,\"name\":\"\u041f\u043e\u0447\u0435\u0442\u043d\u0430\",\"item\":\"https:\/\/2021.bjf.rs\/\"},{\"@type\":\"ListItem\",\"position\":2,\"name\":\"Tickets\"}]},{\"@type\":\"WebSite\",\"@id\":\"https:\/\/2021.bjf.rs\/#website\",\"url\":\"https:\/\/2021.bjf.rs\/\",\"name\":\"37. Beogradski Jazz Festival 2021\",\"description\":\"\",\"publisher\":{\"@id\":\"https:\/\/2021.bjf.rs\/#organization\"},\"potentialAction\":[{\"@type\":\"SearchAction\",\"target\":{\"@type\":\"EntryPoint\",\"urlTemplate\":\"https:\/\/2021.bjf.rs\/?s={search_term_string}\"},\"query-input\":\"required name=search_term_string\"}],\"inLanguage\":\"sr-RS\"},{\"@type\":\"Organization\",\"@id\":\"https:\/\/2021.bjf.rs\/#organization\",\"name\":\"Belgrade jazz festival\",\"url\":\"https:\/\/2021.bjf.rs\/\",\"logo\":{\"@type\":\"ImageObject\",\"inLanguage\":\"sr-RS\",\"@id\":\"https:\/\/2021.bjf.rs\/#\/schema\/logo\/image\/\",\"url\":\"http:\/\/bjf.rs\/wp-content\/uploads\/2020\/12\/bjf-mobile.png\",\"contentUrl\":\"http:\/\/bjf.rs\/wp-content\/uploads\/2020\/12\/bjf-mobile.png\",\"width\":799,\"height\":740,\"caption\":\"Belgrade jazz festival\"},\"image\":{\"@id\":\"https:\/\/2021.bjf.rs\/#\/schema\/logo\/image\/\"},\"sameAs\":[\"https:\/\/www.facebook.com\/BelgradeJazzFest\",\"https:\/\/twitter.com\/BGJazzFest\",\"https:\/\/www.instagram.com\/belgradejazzfestival\/\"]}]}<\/script>\n<!-- \/ Yoast SEO plugin. -->","yoast_head_json":{"title":"Ulaznice - 37. Beogradski Jazz Festival 2021","robots":{"index":"index","follow":"follow","max-snippet":"max-snippet:-1","max-image-preview":"max-image-preview:large","max-video-preview":"max-video-preview:-1"},"canonical":"https:\/\/2021.bjf.rs\/tickets\/","og_locale":"sr_RS","og_type":"article","og_title":"Ulaznice - 37. Beogradski Jazz Festival 2021","og_description":"Ograni\u010den broj vau\u010dera za komplete ulaznica (komplet obuhvata sve koncerte u glavnom programu festivala \u2013 13 koncerata) 37. Beogradskog d\u017eez festivala, kao i pojedina\u010dne ulaznice se mogu nabaviti na Ticket Vision blagajni u Domu omladine Beograda, kao i&nbsp;putem onlajn kupovine. Organizator zadr\u017eava pravo na promenu satnice u skladu sa epidemiolo\u0161kim merama koje budu aktuelne u [&hellip;]","og_url":"https:\/\/2021.bjf.rs\/tickets\/","og_site_name":"37. Beogradski Jazz Festival 2021","article_publisher":"https:\/\/www.facebook.com\/BelgradeJazzFest","article_modified_time":"2021-10-21T12:56:20+00:00","og_image":[{"width":1980,"height":740,"url":"https:\/\/2021.bjf.rs\/wp-content\/uploads\/2020\/12\/bjf-desktop-new.jpg","type":"image\/jpeg"}],"twitter_card":"summary_large_image","twitter_site":"@BGJazzFest","twitter_misc":{"\u041f\u0440\u043e\u0446\u0435\u045a\u0435\u043d\u043e \u0432\u0440\u0435\u043c\u0435 \u0447\u0438\u0442\u0430\u045a\u0430":"1 \u043c\u0438\u043d\u0443\u0442"},"schema":{"@context":"https:\/\/schema.org","@graph":[{"@type":"WebPage","@id":"https:\/\/2021.bjf.rs\/tickets\/","url":"https:\/\/2021.bjf.rs\/tickets\/","name":"[:sr]Ulaznice[:en]Tickets[:] - 37. Beogradski Jazz Festival 2021","isPartOf":{"@id":"https:\/\/2021.bjf.rs\/#website"},"datePublished":"2019-09-26T18:04:03+00:00","dateModified":"2021-10-21T12:56:20+00:00","breadcrumb":{"@id":"https:\/\/2021.bjf.rs\/tickets\/#breadcrumb"},"inLanguage":"sr-RS","potentialAction":[{"@type":"ReadAction","target":["https:\/\/2021.bjf.rs\/tickets\/"]}]},{"@type":"BreadcrumbList","@id":"https:\/\/2021.bjf.rs\/tickets\/#breadcrumb","itemListElement":[{"@type":"ListItem","position":1,"name":"\u041f\u043e\u0447\u0435\u0442\u043d\u0430","item":"https:\/\/2021.bjf.rs\/"},{"@type":"ListItem","position":2,"name":"Tickets"}]},{"@type":"WebSite","@id":"https:\/\/2021.bjf.rs\/#website","url":"https:\/\/2021.bjf.rs\/","name":"37. Beogradski Jazz Festival 2021","description":"","publisher":{"@id":"https:\/\/2021.bjf.rs\/#organization"},"potentialAction":[{"@type":"SearchAction","target":{"@type":"EntryPoint","urlTemplate":"https:\/\/2021.bjf.rs\/?s={search_term_string}"},"query-input":"required name=search_term_string"}],"inLanguage":"sr-RS"},{"@type":"Organization","@id":"https:\/\/2021.bjf.rs\/#organization","name":"Belgrade jazz festival","url":"https:\/\/2021.bjf.rs\/","logo":{"@type":"ImageObject","inLanguage":"sr-RS","@id":"https:\/\/2021.bjf.rs\/#\/schema\/logo\/image\/","url":"http:\/\/bjf.rs\/wp-content\/uploads\/2020\/12\/bjf-mobile.png","contentUrl":"http:\/\/bjf.rs\/wp-content\/uploads\/2020\/12\/bjf-mobile.png","width":799,"height":740,"caption":"Belgrade jazz festival"},"image":{"@id":"https:\/\/2021.bjf.rs\/#\/schema\/logo\/image\/"},"sameAs":["https:\/\/www.facebook.com\/BelgradeJazzFest","https:\/\/twitter.com\/BGJazzFest","https:\/\/www.instagram.com\/belgradejazzfestival\/"]}]}},"_links":{"self":[{"href":"https:\/\/2021.bjf.rs\/sr\/wp-json\/wp\/v2\/pages\/294"}],"collection":[{"href":"https:\/\/2021.bjf.rs\/sr\/wp-json\/wp\/v2\/pages"}],"about":[{"href":"https:\/\/2021.bjf.rs\/sr\/wp-json\/wp\/v2\/types\/page"}],"author":[{"embeddable":true,"href":"https:\/\/2021.bjf.rs\/sr\/wp-json\/wp\/v2\/users\/2"}],"replies":[{"embeddable":true,"href":"https:\/\/2021.bjf.rs\/sr\/wp-json\/wp\/v2\/comments?post=294"}],"version-history":[{"count":11,"href":"https:\/\/2021.bjf.rs\/sr\/wp-json\/wp\/v2\/pages\/294\/revisions"}],"predecessor-version":[{"id":1256,"href":"https:\/\/2021.bjf.rs\/sr\/wp-json\/wp\/v2\/pages\/294\/revisions\/1256"}],"wp:featuredmedia":[{"embeddable":true,"href":"https:\/\/2021.bjf.rs\/sr\/wp-json\/"}],"wp:attachment":[{"href":"https:\/\/2021.bjf.rs\/sr\/wp-json\/wp\/v2\/media?parent=294"}],"curies":[{"name":"wp","href":"https:\/\/api.w.org\/{rel}","templated":true}]}}